{"id":397,"date":"2022-09-13T19:18:16","date_gmt":"2022-09-13T19:18:16","guid":{"rendered":"https:\/\/www.sherlog.lt\/?post_type=product&#038;p=397"},"modified":"2026-02-17T16:47:06","modified_gmt":"2026-02-17T16:47:06","slug":"optimum-comfort","status":"publish","type":"product","link":"https:\/\/www.sherlog.lt\/en\/produktas\/optimum-comfort\/","title":{"rendered":"OPTIMUM"},"content":{"rendered":"<ul>\n<li><strong>SHERLOG Optimum<\/strong> &#8211; tai naujausia ir pa\u017eangiausia SHERLOG turto paie\u0161kos sistema, atitinkanti ir net vir\u0161ijanti auk\u0161\u010diausiam apsaugos lygiui taikomus reikalavimus bet kurioje draudimo bendrov\u0117je. Sistema automati\u0161kai suveikia pasteb\u0117jus nesankcionuot\u0105 kliento transporto priemon\u0117s jude\u0307jim\u0105. Po tokio suveikimo, SHERLOG profesional\u0173 komanda nedelsiant pradeda stipriausio paj\u0117gumo paie\u0161kos ir gr\u0105\u017einimo operacij\u0105, pasitelkdami specializuotus paie\u0161kos l\u0117ktuvus, dronus ir automobilius, apr\u016bpintus pa\u017eangiausia radiolokacine paie\u0161kos \u012franga, kurios negali pergudrauti net elitiniai prabangaus turto vagys.<\/li>\n<li><strong>Pagrindiniai i\u0161skirtinumai <\/strong>&#8211; SHERLOG Optimum sistema visi\u0161kai nepriklauso nuo tre\u010di\u0173j\u0173 \u0161ali\u0173 teikiam\u0173 ry\u0161io paslaug\u0173 ir yra atspari sumaniems elitini\u0173 vagi\u0173 bandymams blokuoti ry\u0161io kanalus. \u012evykus prane\u0161imui apie galim\u0105 vagyst\u0119, turto paie\u0161k\u0105 vykdo specialiai apmokyti ekspertai, turintys su niekuo nesulyginam\u0105 patirt\u012f automobili\u0173 paie\u0161kos operacijose. Paz\u030cangios \u012frangos d\u0117ka pavogt\u0105 turt\u0105 galime aptikti net po\u017eeminiuose gara\u017euose, j\u016briniuose konteineriuose ir kitose sunkiai pasiekiamose vietose, kuriose neveikt\u0173 palydovinis ar mobilus ry\u0161ys.<\/li>\n<li><strong>Kokiam turtui rekomenduojama?\u00a0<\/strong>Transporto priemon\u0117ms, da\u017eniau i\u0161vykstan\u010dioms u\u017e Baltijos \u0161ali\u0173 rib\u0173.<\/li>\n<li><strong>Kliento veiksmai. <\/strong>Su SHERLOG Optimum klientas tur\u0117s galimyb\u0119 prane\u0161ti SHERLOG centrui apie i\u0328tariama\u0328 turto vagyste\u0328 ir gale\u0307s bu\u0304ti tikras, kad po tokio pranes\u030cimo paies\u030ckos operacija bus pradedama nedelsiant. Tiesa, didz\u030cia\u0328ja dali\u0328 vagyste\u0307s atveju\u0328, sistemai suveikus apie galima\u0328 vagyste\u0328 klienta\u0328 automatis\u030ckai informuojame patys. B\u0117gant laikui klientai taip pat gali b\u016bti tikri, kad j\u0173 \u012fsigyta paie\u0161kos sistema veikia idealiai. Identifikatoriaus maitinimo element\u0105 pakanka pakeisti vos kart\u0105 per metus, sistemos metinio patikrinimo metu, tad pa\u010diam klientui sistemos prie\u017ei\u016bra r\u016bpintis nereikia. Negana to, SHERLOG Optimum yra techni\u0161kai apsaugota nuo atsitiktinio gedimo arba sistemos ty\u010dinio sugadinimo, \u012fvykus automobilio vagystei. Jos i\u0161manumas ir intelektualus reagavimas \u012f pavojaus signalo suveikimo aplinkybes taip pat apsaugo klient\u0105 nuo klaidinan\u010di\u0173 sistemos suveikim\u0173, nesant realiam pavojui.<\/li>\n<\/ul>\n","protected":false},"excerpt":{"rendered":"<p>SHERLOG Optimum &#8211; tai naujausia ir pa\u017eangiausia SHERLOG turto paie\u0161kos sistema, atitinkanti ir net vir\u0161ijanti auk\u0161\u010diausiam apsaugos lygiui taikomus reikalavimus bet kurioje draudimo bendrov\u0117je. Sistema automati\u0161kai suveikia pasteb\u0117jus nesankcionuot\u0105 kliento transporto priemon\u0117s jude\u0307jim\u0105. Po tokio suveikimo, SHERLOG profesional\u0173 komanda nedelsiant pradeda stipriausio paj\u0117gumo paie\u0161kos ir gr\u0105\u017einimo operacij\u0105, pasitelkdami specializuotus paie\u0161kos l\u0117ktuvus, dronus ir automobilius, apr\u016bpintus [&hellip;]<\/p>\n","protected":false},"featured_media":973,"template":"","meta":{"_acf_changed":false},"product_brand":[],"product_cat":[69],"product_tag":[],"class_list":{"0":"post-397","1":"product","2":"type-product","3":"status-publish","4":"has-post-thumbnail","6":"product_cat-planai","8":"first","9":"instock","10":"shipping-taxable","11":"purchasable","12":"product-type-bundle"},"bundled_by":[],"bundle_stock_status":"instock","bundle_stock_quantity":"","bundle_virtual":false,"bundle_layout":"default","bundle_add_to_cart_form_location":"default","bundle_editable_in_cart":false,"bundle_sold_individually_context":"product","bundle_item_grouping":"parent","bundle_min_size":"","bundle_max_size":"","bundle_price":{"price":{"min":{"incl_tax":"935","excl_tax":"935"},"max":{"incl_tax":"1963","excl_tax":"1963"}},"regular_price":{"min":{"incl_tax":"935","excl_tax":"935"},"max":{"incl_tax":"2287","excl_tax":"2287"}}},"bundled_items":[{"bundled_item_id":38,"product_id":1066,"menu_order":0,"quantity_min":1,"quantity_max":1,"quantity_default":1,"priced_individually":true,"shipped_individually":false,"override_title":false,"title":"Abonementinis mokestis OPTIMUM","override_description":false,"description":"","optional":false,"hide_thumbnail":false,"discount":"","override_variations":false,"allowed_variations":[],"override_default_variation_attributes":false,"default_variation_attributes":[],"single_product_visibility":"visible","cart_visibility":"visible","order_visibility":"visible","single_product_price_visibility":"visible","cart_price_visibility":"visible","order_price_visibility":"visible","stock_status":"in_stock"},{"bundled_item_id":19,"product_id":739,"menu_order":1,"quantity_min":1,"quantity_max":1,"quantity_default":1,"priced_individually":true,"shipped_individually":false,"override_title":false,"title":"SHERLOG OPTIMUM sistema su montavimo darbais","override_description":false,"description":"","optional":false,"hide_thumbnail":false,"discount":"","override_variations":false,"allowed_variations":[],"override_default_variation_attributes":false,"default_variation_attributes":[],"single_product_visibility":"visible","cart_visibility":"visible","order_visibility":"visible","single_product_price_visibility":"visible","cart_price_visibility":"visible","order_price_visibility":"visible","stock_status":"in_stock"},{"bundled_item_id":41,"product_id":972,"menu_order":2,"quantity_min":1,"quantity_max":1,"quantity_default":1,"priced_individually":true,"shipped_individually":false,"override_title":false,"title":"FLEETSON galimyb\u0117 steb\u0117ti savo objekt\u0105 telefone su met\u0173 abonementu","override_description":false,"description":"","optional":true,"hide_thumbnail":false,"discount":"","override_variations":false,"allowed_variations":[],"override_default_variation_attributes":false,"default_variation_attributes":[],"single_product_visibility":"visible","cart_visibility":"visible","order_visibility":"visible","single_product_price_visibility":"visible","cart_price_visibility":"visible","order_price_visibility":"visible","stock_status":"in_stock"}],"bundle_sell_ids":[],"acf":[],"yoast_head":"<!-- This site is optimized with the Yoast SEO Premium plugin v19.3 (Yoast SEO v25.3) - https:\/\/yoast.com\/wordpress\/plugins\/seo\/ -->\n<title>OPTIMUM - SHERLOG apsaugos sistemos<\/title>\n<meta name=\"robots\" content=\"index, follow, max-snippet:-1, max-image-preview:large, max-video-preview:-1\" \/>\n<link rel=\"canonical\" href=\"https:\/\/www.sherlog.lt\/produktas\/optimum-comfort\/\" \/>\n<meta property=\"og:locale\" content=\"en_US\" \/>\n<meta property=\"og:type\" content=\"article\" \/>\n<meta property=\"og:title\" content=\"OPTIMUM\" \/>\n<meta property=\"og:description\" content=\"SHERLOG Optimum &#8211; tai naujausia ir pa\u017eangiausia SHERLOG turto paie\u0161kos sistema, atitinkanti ir net vir\u0161ijanti auk\u0161\u010diausiam apsaugos lygiui taikomus reikalavimus bet kurioje draudimo bendrov\u0117je. Sistema automati\u0161kai suveikia pasteb\u0117jus nesankcionuot\u0105 kliento transporto priemon\u0117s jude\u0307jim\u0105. Po tokio suveikimo, SHERLOG profesional\u0173 komanda nedelsiant pradeda stipriausio paj\u0117gumo paie\u0161kos ir gr\u0105\u017einimo operacij\u0105, pasitelkdami specializuotus paie\u0161kos l\u0117ktuvus, dronus ir automobilius, apr\u016bpintus [&hellip;]\" \/>\n<meta property=\"og:url\" content=\"https:\/\/www.sherlog.lt\/produktas\/optimum-comfort\/\" \/>\n<meta property=\"og:site_name\" content=\"SHERLOG apsaugos sistemos\" \/>\n<meta property=\"article:modified_time\" content=\"2026-02-17T16:47:06+00:00\" \/>\n<meta property=\"og:image\" content=\"https:\/\/www.sherlog.lt\/wp-content\/uploads\/2022\/09\/optimum3_1.png\" \/>\n\t<meta property=\"og:image:width\" content=\"570\" \/>\n\t<meta property=\"og:image:height\" content=\"688\" \/>\n\t<meta property=\"og:image:type\" content=\"image\/png\" \/>\n<meta name=\"twitter:card\" content=\"summary_large_image\" \/>\n<meta name=\"twitter:label1\" content=\"Est. reading time\" \/>\n\t<meta name=\"twitter:data1\" content=\"2 minutes\" \/>\n<script type=\"application\/ld+json\" class=\"yoast-schema-graph\">{\"@context\":\"https:\/\/schema.org\",\"@graph\":[{\"@type\":\"WebPage\",\"@id\":\"https:\/\/www.sherlog.lt\/produktas\/optimum-comfort\/\",\"url\":\"https:\/\/www.sherlog.lt\/produktas\/optimum-comfort\/\",\"name\":\"OPTIMUM - SHERLOG apsaugos sistemos\",\"isPartOf\":{\"@id\":\"https:\/\/www.sherlog.lt\/#website\"},\"primaryImageOfPage\":{\"@id\":\"https:\/\/www.sherlog.lt\/produktas\/optimum-comfort\/#primaryimage\"},\"image\":{\"@id\":\"https:\/\/www.sherlog.lt\/produktas\/optimum-comfort\/#primaryimage\"},\"thumbnailUrl\":\"https:\/\/www.sherlog.lt\/wp-content\/uploads\/2022\/09\/optimum3_1.png\",\"datePublished\":\"2022-09-13T19:18:16+00:00\",\"dateModified\":\"2026-02-17T16:47:06+00:00\",\"breadcrumb\":{\"@id\":\"https:\/\/www.sherlog.lt\/produktas\/optimum-comfort\/#breadcrumb\"},\"inLanguage\":\"en-US\",\"potentialAction\":[{\"@type\":\"ReadAction\",\"target\":[\"https:\/\/www.sherlog.lt\/produktas\/optimum-comfort\/\"]}]},{\"@type\":\"ImageObject\",\"inLanguage\":\"en-US\",\"@id\":\"https:\/\/www.sherlog.lt\/produktas\/optimum-comfort\/#primaryimage\",\"url\":\"https:\/\/www.sherlog.lt\/wp-content\/uploads\/2022\/09\/optimum3_1.png\",\"contentUrl\":\"https:\/\/www.sherlog.lt\/wp-content\/uploads\/2022\/09\/optimum3_1.png\",\"width\":570,\"height\":688},{\"@type\":\"BreadcrumbList\",\"@id\":\"https:\/\/www.sherlog.lt\/produktas\/optimum-comfort\/#breadcrumb\",\"itemListElement\":[{\"@type\":\"ListItem\",\"position\":1,\"name\":\"Home\",\"item\":\"https:\/\/www.sherlog.lt\/en\/titulinis\/\"},{\"@type\":\"ListItem\",\"position\":2,\"name\":\"Parduotuv\u0117\",\"item\":\"https:\/\/www.sherlog.lt\/parduotuve\/\"},{\"@type\":\"ListItem\",\"position\":3,\"name\":\"OPTIMUM\"}]},{\"@type\":\"WebSite\",\"@id\":\"https:\/\/www.sherlog.lt\/#website\",\"url\":\"https:\/\/www.sherlog.lt\/\",\"name\":\"SHERLOG apsaugos sistemos\",\"description\":\"Apsaugos veikimo principas, paremtas radijo ry\u0161iu\",\"publisher\":{\"@id\":\"https:\/\/www.sherlog.lt\/#organization\"},\"potentialAction\":[{\"@type\":\"SearchAction\",\"target\":{\"@type\":\"EntryPoint\",\"urlTemplate\":\"https:\/\/www.sherlog.lt\/?s={search_term_string}\"},\"query-input\":{\"@type\":\"PropertyValueSpecification\",\"valueRequired\":true,\"valueName\":\"search_term_string\"}}],\"inLanguage\":\"en-US\"},{\"@type\":\"Organization\",\"@id\":\"https:\/\/www.sherlog.lt\/#organization\",\"name\":\"SHERLOG apsaugos sistemos\",\"url\":\"https:\/\/www.sherlog.lt\/\",\"logo\":{\"@type\":\"ImageObject\",\"inLanguage\":\"en-US\",\"@id\":\"https:\/\/www.sherlog.lt\/#\/schema\/logo\/image\/\",\"url\":\"https:\/\/www.sherlog.lt\/wp-content\/uploads\/2022\/10\/sh-logo.png\",\"contentUrl\":\"https:\/\/www.sherlog.lt\/wp-content\/uploads\/2022\/10\/sh-logo.png\",\"width\":199,\"height\":77,\"caption\":\"SHERLOG apsaugos sistemos\"},\"image\":{\"@id\":\"https:\/\/www.sherlog.lt\/#\/schema\/logo\/image\/\"}}]}<\/script>\n<!-- \/ Yoast SEO Premium plugin. -->","yoast_head_json":{"title":"OPTIMUM - SHERLOG apsaugos sistemos","robots":{"index":"index","follow":"follow","max-snippet":"max-snippet:-1","max-image-preview":"max-image-preview:large","max-video-preview":"max-video-preview:-1"},"canonical":"https:\/\/www.sherlog.lt\/produktas\/optimum-comfort\/","og_locale":"en_US","og_type":"article","og_title":"OPTIMUM","og_description":"SHERLOG Optimum &#8211; tai naujausia ir pa\u017eangiausia SHERLOG turto paie\u0161kos sistema, atitinkanti ir net vir\u0161ijanti auk\u0161\u010diausiam apsaugos lygiui taikomus reikalavimus bet kurioje draudimo bendrov\u0117je. Sistema automati\u0161kai suveikia pasteb\u0117jus nesankcionuot\u0105 kliento transporto priemon\u0117s jude\u0307jim\u0105. Po tokio suveikimo, SHERLOG profesional\u0173 komanda nedelsiant pradeda stipriausio paj\u0117gumo paie\u0161kos ir gr\u0105\u017einimo operacij\u0105, pasitelkdami specializuotus paie\u0161kos l\u0117ktuvus, dronus ir automobilius, apr\u016bpintus [&hellip;]","og_url":"https:\/\/www.sherlog.lt\/produktas\/optimum-comfort\/","og_site_name":"SHERLOG apsaugos sistemos","article_modified_time":"2026-02-17T16:47:06+00:00","og_image":[{"width":570,"height":688,"url":"https:\/\/www.sherlog.lt\/wp-content\/uploads\/2022\/09\/optimum3_1.png","type":"image\/png"}],"twitter_card":"summary_large_image","twitter_misc":{"Est. reading time":"2 minutes"},"schema":{"@context":"https:\/\/schema.org","@graph":[{"@type":"WebPage","@id":"https:\/\/www.sherlog.lt\/produktas\/optimum-comfort\/","url":"https:\/\/www.sherlog.lt\/produktas\/optimum-comfort\/","name":"OPTIMUM - SHERLOG apsaugos sistemos","isPartOf":{"@id":"https:\/\/www.sherlog.lt\/#website"},"primaryImageOfPage":{"@id":"https:\/\/www.sherlog.lt\/produktas\/optimum-comfort\/#primaryimage"},"image":{"@id":"https:\/\/www.sherlog.lt\/produktas\/optimum-comfort\/#primaryimage"},"thumbnailUrl":"https:\/\/www.sherlog.lt\/wp-content\/uploads\/2022\/09\/optimum3_1.png","datePublished":"2022-09-13T19:18:16+00:00","dateModified":"2026-02-17T16:47:06+00:00","breadcrumb":{"@id":"https:\/\/www.sherlog.lt\/produktas\/optimum-comfort\/#breadcrumb"},"inLanguage":"en-US","potentialAction":[{"@type":"ReadAction","target":["https:\/\/www.sherlog.lt\/produktas\/optimum-comfort\/"]}]},{"@type":"ImageObject","inLanguage":"en-US","@id":"https:\/\/www.sherlog.lt\/produktas\/optimum-comfort\/#primaryimage","url":"https:\/\/www.sherlog.lt\/wp-content\/uploads\/2022\/09\/optimum3_1.png","contentUrl":"https:\/\/www.sherlog.lt\/wp-content\/uploads\/2022\/09\/optimum3_1.png","width":570,"height":688},{"@type":"BreadcrumbList","@id":"https:\/\/www.sherlog.lt\/produktas\/optimum-comfort\/#breadcrumb","itemListElement":[{"@type":"ListItem","position":1,"name":"Home","item":"https:\/\/www.sherlog.lt\/en\/titulinis\/"},{"@type":"ListItem","position":2,"name":"Parduotuv\u0117","item":"https:\/\/www.sherlog.lt\/parduotuve\/"},{"@type":"ListItem","position":3,"name":"OPTIMUM"}]},{"@type":"WebSite","@id":"https:\/\/www.sherlog.lt\/#website","url":"https:\/\/www.sherlog.lt\/","name":"SHERLOG apsaugos sistemos","description":"Apsaugos veikimo principas, paremtas radijo ry\u0161iu","publisher":{"@id":"https:\/\/www.sherlog.lt\/#organization"},"potentialAction":[{"@type":"SearchAction","target":{"@type":"EntryPoint","urlTemplate":"https:\/\/www.sherlog.lt\/?s={search_term_string}"},"query-input":{"@type":"PropertyValueSpecification","valueRequired":true,"valueName":"search_term_string"}}],"inLanguage":"en-US"},{"@type":"Organization","@id":"https:\/\/www.sherlog.lt\/#organization","name":"SHERLOG apsaugos sistemos","url":"https:\/\/www.sherlog.lt\/","logo":{"@type":"ImageObject","inLanguage":"en-US","@id":"https:\/\/www.sherlog.lt\/#\/schema\/logo\/image\/","url":"https:\/\/www.sherlog.lt\/wp-content\/uploads\/2022\/10\/sh-logo.png","contentUrl":"https:\/\/www.sherlog.lt\/wp-content\/uploads\/2022\/10\/sh-logo.png","width":199,"height":77,"caption":"SHERLOG apsaugos sistemos"},"image":{"@id":"https:\/\/www.sherlog.lt\/#\/schema\/logo\/image\/"}}]}},"_links":{"self":[{"href":"https:\/\/www.sherlog.lt\/en\/wp-json\/wp\/v2\/product\/397","targetHints":{"allow":["GET"]}}],"collection":[{"href":"https:\/\/www.sherlog.lt\/en\/wp-json\/wp\/v2\/product"}],"about":[{"href":"https:\/\/www.sherlog.lt\/en\/wp-json\/wp\/v2\/types\/product"}],"wp:featuredmedia":[{"embeddable":true,"href":"https:\/\/www.sherlog.lt\/en\/wp-json\/wp\/v2\/media\/973"}],"wp:attachment":[{"href":"https:\/\/www.sherlog.lt\/en\/wp-json\/wp\/v2\/media?parent=397"}],"wp:term":[{"taxonomy":"product_brand","embeddable":true,"href":"https:\/\/www.sherlog.lt\/en\/wp-json\/wp\/v2\/product_brand?post=397"},{"taxonomy":"product_cat","embeddable":true,"href":"https:\/\/www.sherlog.lt\/en\/wp-json\/wp\/v2\/product_cat?post=397"},{"taxonomy":"product_tag","embeddable":true,"href":"https:\/\/www.sherlog.lt\/en\/wp-json\/wp\/v2\/product_tag?post=397"}],"curies":[{"name":"wp","href":"https:\/\/api.w.org\/{rel}","templated":true}]}}